{"id":17863,"date":"2025-02-07T08:00:09","date_gmt":"2025-02-07T08:00:09","guid":{"rendered":"http:\/\/aobomaterial.com\/?page_id=17863"},"modified":"2025-05-15T01:45:00","modified_gmt":"2025-05-15T01:45:00","slug":"pu-bildschirm","status":"publish","type":"page","link":"https:\/\/www.aobomaterial.com\/de\/pu-bildschirm\/","title":{"rendered":"PU-Bildschirm"},"content":{"rendered":"","protected":false},"excerpt":{"rendered":"","protected":false},"author":1,"featured_media":0,"parent":0,"menu_order":0,"comment_status":"closed","ping_status":"closed","template":"product-category3.php","meta":{"_acf_changed":false,"site-sidebar-layout":"no-sidebar","site-content-layout":"page-builder","ast-site-content-layout":"full-width-container","site-content-style":"unboxed","site-sidebar-style":"unboxed","ast-global-header-display":"","ast-banner-title-visibility":"","ast-main-header-display":"","ast-hfb-above-header-display":"","ast-hfb-below-header-display":"","ast-hfb-mobile-header-display":"","site-post-title":"disabled","ast-breadcrumbs-content":"disabled","ast-featured-img":"disabled","footer-sml-layout":"","ast-disable-related-posts":"","theme-transparent-header-meta":"default","adv-header-id-meta":"","stick-header-meta":"default","header-above-stick-meta":"","header-main-stick-meta":"","header-below-stick-meta":"","astra-migrate-meta-layouts":"set","ast-page-background-enabled":"default","ast-page-background-meta":{"desktop":{"background-color":"","background-image":"","background-repeat":"repeat","background-position":"center center","background-size":"auto","background-attachment":"scroll","background-type":"","background-media":"","overlay-type":"","overlay-color":"","overlay-opacity":"","overlay-gradient":""},"tablet":{"background-color":"","background-image":"","background-repeat":"repeat","background-position":"center center","background-size":"auto","background-attachment":"scroll","background-type":"","background-media":"","overlay-type":"","overlay-color":"","overlay-opacity":"","overlay-gradient":""},"mobile":{"background-color":"","background-image":"","background-repeat":"repeat","background-position":"center center","background-size":"auto","background-attachment":"scroll","background-type":"","background-media":"","overlay-type":"","overlay-color":"","overlay-opacity":"","overlay-gradient":""}},"ast-content-background-meta":{"desktop":{"background-color":"var(--ast-global-color-5)","background-image":"","background-repeat":"repeat","background-position":"center center","background-size":"auto","background-attachment":"scroll","background-type":"","background-media":"","overlay-type":"","overlay-color":"","overlay-opacity":"","overlay-gradient":""},"tablet":{"background-color":"var(--ast-global-color-5)","background-image":"","background-repeat":"repeat","background-position":"center center","background-size":"auto","background-attachment":"scroll","background-type":"","background-media":"","overlay-type":"","overlay-color":"","overlay-opacity":"","overlay-gradient":""},"mobile":{"background-color":"var(--ast-global-color-5)","background-image":"","background-repeat":"repeat","background-position":"center center","background-size":"auto","background-attachment":"scroll","background-type":"","background-media":"","overlay-type":"","overlay-color":"","overlay-opacity":"","overlay-gradient":""}},"footnotes":""},"class_list":["post-17863","page","type-page","status-publish","hentry"],"acf":[],"yoast_head":"<!-- This site is optimized with the Yoast SEO plugin v27.4 - https:\/\/yoast.com\/product\/yoast-seo-wordpress\/ -->\n<title>AOBO PU Screen - Screening in High Wear and Impact Resistance<\/title>\n<meta name=\"description\" content=\"Discover top-quality PU Screens \u2013 Durability, flexibility, and superior screening performance. Ideal for mining, recycling, and industrial.\" \/>\n<meta name=\"robots\" content=\"index, follow, max-snippet:-1, max-image-preview:large, max-video-preview:-1\" \/>\n<link rel=\"canonical\" href=\"https:\/\/www.aobomaterial.com\/de\/pu-bildschirm\/\" \/>\n<meta property=\"og:locale\" content=\"de_DE\" \/>\n<meta property=\"og:type\" content=\"article\" \/>\n<meta property=\"og:title\" content=\"AOBO PU Screen - Screening in High Wear and Impact Resistance\" \/>\n<meta property=\"og:description\" content=\"Discover top-quality PU Screens \u2013 Durability, flexibility, and superior screening performance. Ideal for mining, recycling, and industrial.\" \/>\n<meta property=\"og:url\" content=\"https:\/\/www.aobomaterial.com\/de\/pu-bildschirm\/\" \/>\n<meta property=\"og:site_name\" content=\"AOBO\" \/>\n<meta property=\"article:modified_time\" content=\"2025-05-15T01:45:00+00:00\" \/>\n<meta name=\"twitter:card\" content=\"summary_large_image\" \/>\n<script type=\"application\/ld+json\" class=\"yoast-schema-graph\">{\"@context\":\"https:\\\/\\\/schema.org\",\"@graph\":[{\"@type\":\"WebPage\",\"@id\":\"https:\\\/\\\/www.aobomaterial.com\\\/pu-screen\\\/\",\"url\":\"https:\\\/\\\/www.aobomaterial.com\\\/pu-screen\\\/\",\"name\":\"AOBO PU Screen - Screening in High Wear and Impact Resistance\",\"isPartOf\":{\"@id\":\"https:\\\/\\\/www.aobomaterial.com\\\/#website\"},\"datePublished\":\"2025-02-07T08:00:09+00:00\",\"dateModified\":\"2025-05-15T01:45:00+00:00\",\"description\":\"Discover top-quality PU Screens \u2013 Durability, flexibility, and superior screening performance. Ideal for mining, recycling, and industrial.\",\"breadcrumb\":{\"@id\":\"https:\\\/\\\/www.aobomaterial.com\\\/pu-screen\\\/#breadcrumb\"},\"inLanguage\":\"de\",\"potentialAction\":[{\"@type\":\"ReadAction\",\"target\":[\"https:\\\/\\\/www.aobomaterial.com\\\/pu-screen\\\/\"]}]},{\"@type\":\"BreadcrumbList\",\"@id\":\"https:\\\/\\\/www.aobomaterial.com\\\/pu-screen\\\/#breadcrumb\",\"itemListElement\":[{\"@type\":\"ListItem\",\"position\":1,\"name\":\"Home\",\"item\":\"https:\\\/\\\/www.aobomaterial.com\\\/\"},{\"@type\":\"ListItem\",\"position\":2,\"name\":\"PU Screen\"}]},{\"@type\":\"WebSite\",\"@id\":\"https:\\\/\\\/www.aobomaterial.com\\\/#website\",\"url\":\"https:\\\/\\\/www.aobomaterial.com\\\/\",\"name\":\"AOBO\",\"description\":\"\",\"publisher\":{\"@id\":\"https:\\\/\\\/www.aobomaterial.com\\\/#organization\"},\"potentialAction\":[{\"@type\":\"SearchAction\",\"target\":{\"@type\":\"EntryPoint\",\"urlTemplate\":\"https:\\\/\\\/www.aobomaterial.com\\\/?s={search_term_string}\"},\"query-input\":{\"@type\":\"PropertyValueSpecification\",\"valueRequired\":true,\"valueName\":\"search_term_string\"}}],\"inLanguage\":\"de\"},{\"@type\":\"Organization\",\"@id\":\"https:\\\/\\\/www.aobomaterial.com\\\/#organization\",\"name\":\"AOBO\",\"url\":\"https:\\\/\\\/www.aobomaterial.com\\\/\",\"logo\":{\"@type\":\"ImageObject\",\"inLanguage\":\"de\",\"@id\":\"https:\\\/\\\/www.aobomaterial.com\\\/#\\\/schema\\\/logo\\\/image\\\/\",\"url\":\"https:\\\/\\\/www.aobomaterial.com\\\/wp-content\\\/uploads\\\/2025\\\/03\\\/cropped-logo.png\",\"contentUrl\":\"https:\\\/\\\/www.aobomaterial.com\\\/wp-content\\\/uploads\\\/2025\\\/03\\\/cropped-logo.png\",\"width\":947,\"height\":333,\"caption\":\"AOBO\"},\"image\":{\"@id\":\"https:\\\/\\\/www.aobomaterial.com\\\/#\\\/schema\\\/logo\\\/image\\\/\"}}]}<\/script>\n<!-- \/ Yoast SEO plugin. -->","yoast_head_json":{"title":"AOBO PU-Sieb \u2013 Sieb mit hoher Verschlei\u00df- und Schlagfestigkeit","description":"Entdecken Sie hochwertige PU-Siebe \u2013 Langlebigkeit, Flexibilit\u00e4t und \u00fcberlegene Siebleistung. Ideal f\u00fcr Bergbau, Recycling und Industrie.","robots":{"index":"index","follow":"follow","max-snippet":"max-snippet:-1","max-image-preview":"max-image-preview:large","max-video-preview":"max-video-preview:-1"},"canonical":"https:\/\/www.aobomaterial.com\/de\/pu-bildschirm\/","og_locale":"de_DE","og_type":"article","og_title":"AOBO PU Screen - Screening in High Wear and Impact Resistance","og_description":"Discover top-quality PU Screens \u2013 Durability, flexibility, and superior screening performance. Ideal for mining, recycling, and industrial.","og_url":"https:\/\/www.aobomaterial.com\/de\/pu-bildschirm\/","og_site_name":"AOBO","article_modified_time":"2025-05-15T01:45:00+00:00","twitter_card":"summary_large_image","schema":{"@context":"https:\/\/schema.org","@graph":[{"@type":"WebPage","@id":"https:\/\/www.aobomaterial.com\/pu-screen\/","url":"https:\/\/www.aobomaterial.com\/pu-screen\/","name":"AOBO PU-Sieb \u2013 Sieb mit hoher Verschlei\u00df- und Schlagfestigkeit","isPartOf":{"@id":"https:\/\/www.aobomaterial.com\/#website"},"datePublished":"2025-02-07T08:00:09+00:00","dateModified":"2025-05-15T01:45:00+00:00","description":"Entdecken Sie hochwertige PU-Siebe \u2013 Langlebigkeit, Flexibilit\u00e4t und \u00fcberlegene Siebleistung. Ideal f\u00fcr Bergbau, Recycling und Industrie.","breadcrumb":{"@id":"https:\/\/www.aobomaterial.com\/pu-screen\/#breadcrumb"},"inLanguage":"de","potentialAction":[{"@type":"ReadAction","target":["https:\/\/www.aobomaterial.com\/pu-screen\/"]}]},{"@type":"BreadcrumbList","@id":"https:\/\/www.aobomaterial.com\/pu-screen\/#breadcrumb","itemListElement":[{"@type":"ListItem","position":1,"name":"Home","item":"https:\/\/www.aobomaterial.com\/"},{"@type":"ListItem","position":2,"name":"PU Screen"}]},{"@type":"WebSite","@id":"https:\/\/www.aobomaterial.com\/#website","url":"https:\/\/www.aobomaterial.com\/","name":"AOBO","description":"","publisher":{"@id":"https:\/\/www.aobomaterial.com\/#organization"},"potentialAction":[{"@type":"SearchAction","target":{"@type":"EntryPoint","urlTemplate":"https:\/\/www.aobomaterial.com\/?s={search_term_string}"},"query-input":{"@type":"PropertyValueSpecification","valueRequired":true,"valueName":"search_term_string"}}],"inLanguage":"de"},{"@type":"Organization","@id":"https:\/\/www.aobomaterial.com\/#organization","name":"AOBO","url":"https:\/\/www.aobomaterial.com\/","logo":{"@type":"ImageObject","inLanguage":"de","@id":"https:\/\/www.aobomaterial.com\/#\/schema\/logo\/image\/","url":"https:\/\/www.aobomaterial.com\/wp-content\/uploads\/2025\/03\/cropped-logo.png","contentUrl":"https:\/\/www.aobomaterial.com\/wp-content\/uploads\/2025\/03\/cropped-logo.png","width":947,"height":333,"caption":"AOBO"},"image":{"@id":"https:\/\/www.aobomaterial.com\/#\/schema\/logo\/image\/"}}]}},"_links":{"self":[{"href":"https:\/\/www.aobomaterial.com\/de\/wp-json\/wp\/v2\/pages\/17863","targetHints":{"allow":["GET"]}}],"collection":[{"href":"https:\/\/www.aobomaterial.com\/de\/wp-json\/wp\/v2\/pages"}],"about":[{"href":"https:\/\/www.aobomaterial.com\/de\/wp-json\/wp\/v2\/types\/page"}],"author":[{"embeddable":true,"href":"https:\/\/www.aobomaterial.com\/de\/wp-json\/wp\/v2\/users\/1"}],"replies":[{"embeddable":true,"href":"https:\/\/www.aobomaterial.com\/de\/wp-json\/wp\/v2\/comments?post=17863"}],"version-history":[{"count":7,"href":"https:\/\/www.aobomaterial.com\/de\/wp-json\/wp\/v2\/pages\/17863\/revisions"}],"predecessor-version":[{"id":19241,"href":"https:\/\/www.aobomaterial.com\/de\/wp-json\/wp\/v2\/pages\/17863\/revisions\/19241"}],"wp:attachment":[{"href":"https:\/\/www.aobomaterial.com\/de\/wp-json\/wp\/v2\/media?parent=17863"}],"curies":[{"name":"wp","href":"https:\/\/api.w.org\/{rel}","templated":true}]}}