{"id":18238,"date":"2025-02-27T01:53:24","date_gmt":"2025-02-27T01:53:24","guid":{"rendered":"http:\/\/aobomaterial.com\/?page_id=18238"},"modified":"2025-03-25T10:12:39","modified_gmt":"2025-03-25T10:12:39","slug":"pvc-bodenmatte","status":"publish","type":"page","link":"https:\/\/www.aobomaterial.com\/de\/pvc-bodenmatte\/","title":{"rendered":"PVC-Bodenmatte"},"content":{"rendered":"","protected":false},"excerpt":{"rendered":"","protected":false},"author":1,"featured_media":0,"parent":0,"menu_order":0,"comment_status":"closed","ping_status":"closed","template":"product-category3.php","meta":{"_acf_changed":false,"site-sidebar-layout":"default","site-content-layout":"","ast-site-content-layout":"full-width-container","site-content-style":"default","site-sidebar-style":"default","ast-global-header-display":"","ast-banner-title-visibility":"","ast-main-header-display":"","ast-hfb-above-header-display":"","ast-hfb-below-header-display":"","ast-hfb-mobile-header-display":"","site-post-title":"","ast-breadcrumbs-content":"disabled","ast-featured-img":"","footer-sml-layout":"","ast-disable-related-posts":"","theme-transparent-header-meta":"default","adv-header-id-meta":"","stick-header-meta":"default","header-above-stick-meta":"","header-main-stick-meta":"","header-below-stick-meta":"","astra-migrate-meta-layouts":"set","ast-page-background-enabled":"default","ast-page-background-meta":{"desktop":{"background-color":"","background-image":"","background-repeat":"repeat","background-position":"center center","background-size":"auto","background-attachment":"scroll","background-type":"","background-media":"","overlay-type":"","overlay-color":"","overlay-opacity":"","overlay-gradient":""},"tablet":{"background-color":"","background-image":"","background-repeat":"repeat","background-position":"center center","background-size":"auto","background-attachment":"scroll","background-type":"","background-media":"","overlay-type":"","overlay-color":"","overlay-opacity":"","overlay-gradient":""},"mobile":{"background-color":"","background-image":"","background-repeat":"repeat","background-position":"center center","background-size":"auto","background-attachment":"scroll","background-type":"","background-media":"","overlay-type":"","overlay-color":"","overlay-opacity":"","overlay-gradient":""}},"ast-content-background-meta":{"desktop":{"background-color":"var(--ast-global-color-5)","background-image":"","background-repeat":"repeat","background-position":"center center","background-size":"auto","background-attachment":"scroll","background-type":"","background-media":"","overlay-type":"","overlay-color":"","overlay-opacity":"","overlay-gradient":""},"tablet":{"background-color":"var(--ast-global-color-5)","background-image":"","background-repeat":"repeat","background-position":"center center","background-size":"auto","background-attachment":"scroll","background-type":"","background-media":"","overlay-type":"","overlay-color":"","overlay-opacity":"","overlay-gradient":""},"mobile":{"background-color":"var(--ast-global-color-5)","background-image":"","background-repeat":"repeat","background-position":"center center","background-size":"auto","background-attachment":"scroll","background-type":"","background-media":"","overlay-type":"","overlay-color":"","overlay-opacity":"","overlay-gradient":""}},"footnotes":""},"class_list":["post-18238","page","type-page","status-publish","hentry"],"acf":[],"yoast_head":"<!-- This site is optimized with the Yoast SEO plugin v27.4 - https:\/\/yoast.com\/product\/yoast-seo-wordpress\/ -->\n<title>PVC Floor Mat Manufacturer-A Variety of Flooring Options Choose<\/title>\n<meta name=\"description\" content=\"Premium PVC Floor Mats \u2013 Durable, easy to clean. Use for commercial, industrial, sports and home use. Shop now to protect &amp;enhance your floor\" \/>\n<meta name=\"robots\" content=\"index, follow, max-snippet:-1, max-image-preview:large, max-video-preview:-1\" \/>\n<link rel=\"canonical\" href=\"https:\/\/www.aobomaterial.com\/de\/pvc-bodenmatte\/\" \/>\n<meta property=\"og:locale\" content=\"de_DE\" \/>\n<meta property=\"og:type\" content=\"article\" \/>\n<meta property=\"og:title\" content=\"PVC Floor Mat Manufacturer-A Variety of Flooring Options Choose\" \/>\n<meta property=\"og:description\" content=\"Premium PVC Floor Mats \u2013 Durable, easy to clean. Use for commercial, industrial, sports and home use. Shop now to protect &amp;enhance your floor\" \/>\n<meta property=\"og:url\" content=\"https:\/\/www.aobomaterial.com\/de\/pvc-bodenmatte\/\" \/>\n<meta property=\"og:site_name\" content=\"AOBO\" \/>\n<meta property=\"article:modified_time\" content=\"2025-03-25T10:12:39+00:00\" \/>\n<meta name=\"twitter:card\" content=\"summary_large_image\" \/>\n<script type=\"application\/ld+json\" class=\"yoast-schema-graph\">{\"@context\":\"https:\\\/\\\/schema.org\",\"@graph\":[{\"@type\":\"WebPage\",\"@id\":\"https:\\\/\\\/www.aobomaterial.com\\\/pvc-floor-mat\\\/\",\"url\":\"https:\\\/\\\/www.aobomaterial.com\\\/pvc-floor-mat\\\/\",\"name\":\"PVC Floor Mat Manufacturer-A Variety of Flooring Options Choose\",\"isPartOf\":{\"@id\":\"https:\\\/\\\/www.aobomaterial.com\\\/#website\"},\"datePublished\":\"2025-02-27T01:53:24+00:00\",\"dateModified\":\"2025-03-25T10:12:39+00:00\",\"description\":\"Premium PVC Floor Mats \u2013 Durable, easy to clean. Use for commercial, industrial, sports and home use. Shop now to protect &enhance your floor\",\"breadcrumb\":{\"@id\":\"https:\\\/\\\/www.aobomaterial.com\\\/pvc-floor-mat\\\/#breadcrumb\"},\"inLanguage\":\"de\",\"potentialAction\":[{\"@type\":\"ReadAction\",\"target\":[\"https:\\\/\\\/www.aobomaterial.com\\\/pvc-floor-mat\\\/\"]}]},{\"@type\":\"BreadcrumbList\",\"@id\":\"https:\\\/\\\/www.aobomaterial.com\\\/pvc-floor-mat\\\/#breadcrumb\",\"itemListElement\":[{\"@type\":\"ListItem\",\"position\":1,\"name\":\"Home\",\"item\":\"https:\\\/\\\/www.aobomaterial.com\\\/\"},{\"@type\":\"ListItem\",\"position\":2,\"name\":\"PVC Floor Mat\"}]},{\"@type\":\"WebSite\",\"@id\":\"https:\\\/\\\/www.aobomaterial.com\\\/#website\",\"url\":\"https:\\\/\\\/www.aobomaterial.com\\\/\",\"name\":\"AOBO\",\"description\":\"\",\"publisher\":{\"@id\":\"https:\\\/\\\/www.aobomaterial.com\\\/#organization\"},\"potentialAction\":[{\"@type\":\"SearchAction\",\"target\":{\"@type\":\"EntryPoint\",\"urlTemplate\":\"https:\\\/\\\/www.aobomaterial.com\\\/?s={search_term_string}\"},\"query-input\":{\"@type\":\"PropertyValueSpecification\",\"valueRequired\":true,\"valueName\":\"search_term_string\"}}],\"inLanguage\":\"de\"},{\"@type\":\"Organization\",\"@id\":\"https:\\\/\\\/www.aobomaterial.com\\\/#organization\",\"name\":\"AOBO\",\"url\":\"https:\\\/\\\/www.aobomaterial.com\\\/\",\"logo\":{\"@type\":\"ImageObject\",\"inLanguage\":\"de\",\"@id\":\"https:\\\/\\\/www.aobomaterial.com\\\/#\\\/schema\\\/logo\\\/image\\\/\",\"url\":\"https:\\\/\\\/www.aobomaterial.com\\\/wp-content\\\/uploads\\\/2025\\\/03\\\/cropped-logo.png\",\"contentUrl\":\"https:\\\/\\\/www.aobomaterial.com\\\/wp-content\\\/uploads\\\/2025\\\/03\\\/cropped-logo.png\",\"width\":947,\"height\":333,\"caption\":\"AOBO\"},\"image\":{\"@id\":\"https:\\\/\\\/www.aobomaterial.com\\\/#\\\/schema\\\/logo\\\/image\\\/\"}}]}<\/script>\n<!-- \/ Yoast SEO plugin. -->","yoast_head_json":{"title":"Hersteller von PVC-Bodenmatten \u2013 W\u00e4hlen Sie aus einer Vielzahl von Bodenbel\u00e4gen","description":"Premium PVC-Bodenmatten \u2013 Langlebig und pflegeleicht. F\u00fcr Gewerbe, Industrie, Sport und Zuhause. Jetzt kaufen und Ihren Boden sch\u00fctzen und versch\u00f6nern","robots":{"index":"index","follow":"follow","max-snippet":"max-snippet:-1","max-image-preview":"max-image-preview:large","max-video-preview":"max-video-preview:-1"},"canonical":"https:\/\/www.aobomaterial.com\/de\/pvc-bodenmatte\/","og_locale":"de_DE","og_type":"article","og_title":"PVC Floor Mat Manufacturer-A Variety of Flooring Options Choose","og_description":"Premium PVC Floor Mats \u2013 Durable, easy to clean. Use for commercial, industrial, sports and home use. Shop now to protect &enhance your floor","og_url":"https:\/\/www.aobomaterial.com\/de\/pvc-bodenmatte\/","og_site_name":"AOBO","article_modified_time":"2025-03-25T10:12:39+00:00","twitter_card":"summary_large_image","schema":{"@context":"https:\/\/schema.org","@graph":[{"@type":"WebPage","@id":"https:\/\/www.aobomaterial.com\/pvc-floor-mat\/","url":"https:\/\/www.aobomaterial.com\/pvc-floor-mat\/","name":"Hersteller von PVC-Bodenmatten \u2013 W\u00e4hlen Sie aus einer Vielzahl von Bodenbel\u00e4gen","isPartOf":{"@id":"https:\/\/www.aobomaterial.com\/#website"},"datePublished":"2025-02-27T01:53:24+00:00","dateModified":"2025-03-25T10:12:39+00:00","description":"Premium PVC-Bodenmatten \u2013 Langlebig und pflegeleicht. F\u00fcr Gewerbe, Industrie, Sport und Zuhause. Jetzt kaufen und Ihren Boden sch\u00fctzen und versch\u00f6nern","breadcrumb":{"@id":"https:\/\/www.aobomaterial.com\/pvc-floor-mat\/#breadcrumb"},"inLanguage":"de","potentialAction":[{"@type":"ReadAction","target":["https:\/\/www.aobomaterial.com\/pvc-floor-mat\/"]}]},{"@type":"BreadcrumbList","@id":"https:\/\/www.aobomaterial.com\/pvc-floor-mat\/#breadcrumb","itemListElement":[{"@type":"ListItem","position":1,"name":"Home","item":"https:\/\/www.aobomaterial.com\/"},{"@type":"ListItem","position":2,"name":"PVC Floor Mat"}]},{"@type":"WebSite","@id":"https:\/\/www.aobomaterial.com\/#website","url":"https:\/\/www.aobomaterial.com\/","name":"AOBO","description":"","publisher":{"@id":"https:\/\/www.aobomaterial.com\/#organization"},"potentialAction":[{"@type":"SearchAction","target":{"@type":"EntryPoint","urlTemplate":"https:\/\/www.aobomaterial.com\/?s={search_term_string}"},"query-input":{"@type":"PropertyValueSpecification","valueRequired":true,"valueName":"search_term_string"}}],"inLanguage":"de"},{"@type":"Organization","@id":"https:\/\/www.aobomaterial.com\/#organization","name":"AOBO","url":"https:\/\/www.aobomaterial.com\/","logo":{"@type":"ImageObject","inLanguage":"de","@id":"https:\/\/www.aobomaterial.com\/#\/schema\/logo\/image\/","url":"https:\/\/www.aobomaterial.com\/wp-content\/uploads\/2025\/03\/cropped-logo.png","contentUrl":"https:\/\/www.aobomaterial.com\/wp-content\/uploads\/2025\/03\/cropped-logo.png","width":947,"height":333,"caption":"AOBO"},"image":{"@id":"https:\/\/www.aobomaterial.com\/#\/schema\/logo\/image\/"}}]}},"_links":{"self":[{"href":"https:\/\/www.aobomaterial.com\/de\/wp-json\/wp\/v2\/pages\/18238","targetHints":{"allow":["GET"]}}],"collection":[{"href":"https:\/\/www.aobomaterial.com\/de\/wp-json\/wp\/v2\/pages"}],"about":[{"href":"https:\/\/www.aobomaterial.com\/de\/wp-json\/wp\/v2\/types\/page"}],"author":[{"embeddable":true,"href":"https:\/\/www.aobomaterial.com\/de\/wp-json\/wp\/v2\/users\/1"}],"replies":[{"embeddable":true,"href":"https:\/\/www.aobomaterial.com\/de\/wp-json\/wp\/v2\/comments?post=18238"}],"version-history":[{"count":5,"href":"https:\/\/www.aobomaterial.com\/de\/wp-json\/wp\/v2\/pages\/18238\/revisions"}],"predecessor-version":[{"id":18608,"href":"https:\/\/www.aobomaterial.com\/de\/wp-json\/wp\/v2\/pages\/18238\/revisions\/18608"}],"wp:attachment":[{"href":"https:\/\/www.aobomaterial.com\/de\/wp-json\/wp\/v2\/media?parent=18238"}],"curies":[{"name":"wp","href":"https:\/\/api.w.org\/{rel}","templated":true}]}}