{"id":18248,"date":"2025-02-28T01:33:06","date_gmt":"2025-02-28T01:33:06","guid":{"rendered":"http:\/\/aobomaterial.com\/?page_id=18248"},"modified":"2025-05-14T09:57:00","modified_gmt":"2025-05-14T09:57:00","slug":"ptfe-stab","status":"publish","type":"page","link":"https:\/\/www.aobomaterial.com\/de\/ptfe-stab\/","title":{"rendered":"PTFE-Stab"},"content":{"rendered":"","protected":false},"excerpt":{"rendered":"","protected":false},"author":1,"featured_media":0,"parent":0,"menu_order":0,"comment_status":"closed","ping_status":"closed","template":"product-category3.php","meta":{"_acf_changed":false,"site-sidebar-layout":"default","site-content-layout":"","ast-site-content-layout":"full-width-container","site-content-style":"default","site-sidebar-style":"default","ast-global-header-display":"","ast-banner-title-visibility":"","ast-main-header-display":"","ast-hfb-above-header-display":"","ast-hfb-below-header-display":"","ast-hfb-mobile-header-display":"","site-post-title":"","ast-breadcrumbs-content":"disabled","ast-featured-img":"","footer-sml-layout":"","theme-transparent-header-meta":"default","adv-header-id-meta":"","stick-header-meta":"default","header-above-stick-meta":"","header-main-stick-meta":"","header-below-stick-meta":"","astra-migrate-meta-layouts":"set","ast-page-background-enabled":"default","ast-page-background-meta":{"desktop":{"background-color":"","background-image":"","background-repeat":"repeat","background-position":"center center","background-size":"auto","background-attachment":"scroll","background-type":"","background-media":"","overlay-type":"","overlay-color":"","overlay-opacity":"","overlay-gradient":""},"tablet":{"background-color":"","background-image":"","background-repeat":"repeat","background-position":"center center","background-size":"auto","background-attachment":"scroll","background-type":"","background-media":"","overlay-type":"","overlay-color":"","overlay-opacity":"","overlay-gradient":""},"mobile":{"background-color":"","background-image":"","background-repeat":"repeat","background-position":"center center","background-size":"auto","background-attachment":"scroll","background-type":"","background-media":"","overlay-type":"","overlay-color":"","overlay-opacity":"","overlay-gradient":""}},"ast-content-background-meta":{"desktop":{"background-color":"var(--ast-global-color-5)","background-image":"","background-repeat":"repeat","background-position":"center center","background-size":"auto","background-attachment":"scroll","background-type":"","background-media":"","overlay-type":"","overlay-color":"","overlay-opacity":"","overlay-gradient":""},"tablet":{"background-color":"var(--ast-global-color-5)","background-image":"","background-repeat":"repeat","background-position":"center center","background-size":"auto","background-attachment":"scroll","background-type":"","background-media":"","overlay-type":"","overlay-color":"","overlay-opacity":"","overlay-gradient":""},"mobile":{"background-color":"var(--ast-global-color-5)","background-image":"","background-repeat":"repeat","background-position":"center center","background-size":"auto","background-attachment":"scroll","background-type":"","background-media":"","overlay-type":"","overlay-color":"","overlay-opacity":"","overlay-gradient":""}},"footnotes":""},"class_list":["post-18248","page","type-page","status-publish","hentry"],"acf":[],"yoast_head":"<!-- This site is optimized with the Yoast SEO plugin v26.9 - https:\/\/yoast.com\/product\/yoast-seo-wordpress\/ -->\n<title>PTFE Rod Manufacturer - AOBO Provide a Variety of Specifications<\/title>\n<meta name=\"description\" content=\"Premium PTFE Rods \u2013 perfect for high-temperature, low-friction, and chemical-resistant. Durable and versatile for industrial applications.\" \/>\n<meta name=\"robots\" content=\"index, follow, max-snippet:-1, max-image-preview:large, max-video-preview:-1\" \/>\n<link rel=\"canonical\" href=\"https:\/\/www.aobomaterial.com\/de\/ptfe-stab\/\" \/>\n<meta property=\"og:locale\" content=\"de_DE\" \/>\n<meta property=\"og:type\" content=\"article\" \/>\n<meta property=\"og:title\" content=\"PTFE Rod Manufacturer - AOBO Provide a Variety of Specifications\" \/>\n<meta property=\"og:description\" content=\"Premium PTFE Rods \u2013 perfect for high-temperature, low-friction, and chemical-resistant. Durable and versatile for industrial applications.\" \/>\n<meta property=\"og:url\" content=\"https:\/\/www.aobomaterial.com\/de\/ptfe-stab\/\" \/>\n<meta property=\"og:site_name\" content=\"AOBO\" \/>\n<meta property=\"article:modified_time\" content=\"2025-05-14T09:57:00+00:00\" \/>\n<meta name=\"twitter:card\" content=\"summary_large_image\" \/>\n<script type=\"application\/ld+json\" class=\"yoast-schema-graph\">{\"@context\":\"https:\/\/schema.org\",\"@graph\":[{\"@type\":\"WebPage\",\"@id\":\"https:\/\/www.aobomaterial.com\/ptfe-rod\/\",\"url\":\"https:\/\/www.aobomaterial.com\/ptfe-rod\/\",\"name\":\"PTFE Rod Manufacturer - AOBO Provide a Variety of Specifications\",\"isPartOf\":{\"@id\":\"https:\/\/www.aobomaterial.com\/#website\"},\"datePublished\":\"2025-02-28T01:33:06+00:00\",\"dateModified\":\"2025-05-14T09:57:00+00:00\",\"description\":\"Premium PTFE Rods \u2013 perfect for high-temperature, low-friction, and chemical-resistant. Durable and versatile for industrial applications.\",\"breadcrumb\":{\"@id\":\"https:\/\/www.aobomaterial.com\/ptfe-rod\/#breadcrumb\"},\"inLanguage\":\"de\",\"potentialAction\":[{\"@type\":\"ReadAction\",\"target\":[\"https:\/\/www.aobomaterial.com\/ptfe-rod\/\"]}]},{\"@type\":\"BreadcrumbList\",\"@id\":\"https:\/\/www.aobomaterial.com\/ptfe-rod\/#breadcrumb\",\"itemListElement\":[{\"@type\":\"ListItem\",\"position\":1,\"name\":\"Home\",\"item\":\"https:\/\/www.aobomaterial.com\/\"},{\"@type\":\"ListItem\",\"position\":2,\"name\":\"PTFE Rod\"}]},{\"@type\":\"WebSite\",\"@id\":\"https:\/\/www.aobomaterial.com\/#website\",\"url\":\"https:\/\/www.aobomaterial.com\/\",\"name\":\"AOBO\",\"description\":\"\",\"publisher\":{\"@id\":\"https:\/\/www.aobomaterial.com\/#organization\"},\"potentialAction\":[{\"@type\":\"SearchAction\",\"target\":{\"@type\":\"EntryPoint\",\"urlTemplate\":\"https:\/\/www.aobomaterial.com\/?s={search_term_string}\"},\"query-input\":{\"@type\":\"PropertyValueSpecification\",\"valueRequired\":true,\"valueName\":\"search_term_string\"}}],\"inLanguage\":\"de\"},{\"@type\":\"Organization\",\"@id\":\"https:\/\/www.aobomaterial.com\/#organization\",\"name\":\"AOBO\",\"url\":\"https:\/\/www.aobomaterial.com\/\",\"logo\":{\"@type\":\"ImageObject\",\"inLanguage\":\"de\",\"@id\":\"https:\/\/www.aobomaterial.com\/#\/schema\/logo\/image\/\",\"url\":\"https:\/\/www.aobomaterial.com\/wp-content\/uploads\/2025\/03\/cropped-logo.png\",\"contentUrl\":\"https:\/\/www.aobomaterial.com\/wp-content\/uploads\/2025\/03\/cropped-logo.png\",\"width\":947,\"height\":333,\"caption\":\"AOBO\"},\"image\":{\"@id\":\"https:\/\/www.aobomaterial.com\/#\/schema\/logo\/image\/\"}}]}<\/script>\n<!-- \/ Yoast SEO plugin. -->","yoast_head_json":{"title":"PTFE-Stangenhersteller - AOBO bietet eine Vielzahl von Spezifikationen","description":"Hochwertige PTFE-St\u00e4be \u2013 perfekt f\u00fcr hohe Temperaturen, geringe Reibung und Chemikalienbest\u00e4ndigkeit. Langlebig und vielseitig f\u00fcr industrielle Anwendungen.","robots":{"index":"index","follow":"follow","max-snippet":"max-snippet:-1","max-image-preview":"max-image-preview:large","max-video-preview":"max-video-preview:-1"},"canonical":"https:\/\/www.aobomaterial.com\/de\/ptfe-stab\/","og_locale":"de_DE","og_type":"article","og_title":"PTFE Rod Manufacturer - AOBO Provide a Variety of Specifications","og_description":"Premium PTFE Rods \u2013 perfect for high-temperature, low-friction, and chemical-resistant. Durable and versatile for industrial applications.","og_url":"https:\/\/www.aobomaterial.com\/de\/ptfe-stab\/","og_site_name":"AOBO","article_modified_time":"2025-05-14T09:57:00+00:00","twitter_card":"summary_large_image","schema":{"@context":"https:\/\/schema.org","@graph":[{"@type":"WebPage","@id":"https:\/\/www.aobomaterial.com\/ptfe-rod\/","url":"https:\/\/www.aobomaterial.com\/ptfe-rod\/","name":"PTFE-Stangenhersteller - AOBO bietet eine Vielzahl von Spezifikationen","isPartOf":{"@id":"https:\/\/www.aobomaterial.com\/#website"},"datePublished":"2025-02-28T01:33:06+00:00","dateModified":"2025-05-14T09:57:00+00:00","description":"Hochwertige PTFE-St\u00e4be \u2013 perfekt f\u00fcr hohe Temperaturen, geringe Reibung und Chemikalienbest\u00e4ndigkeit. Langlebig und vielseitig f\u00fcr industrielle Anwendungen.","breadcrumb":{"@id":"https:\/\/www.aobomaterial.com\/ptfe-rod\/#breadcrumb"},"inLanguage":"de","potentialAction":[{"@type":"ReadAction","target":["https:\/\/www.aobomaterial.com\/ptfe-rod\/"]}]},{"@type":"BreadcrumbList","@id":"https:\/\/www.aobomaterial.com\/ptfe-rod\/#breadcrumb","itemListElement":[{"@type":"ListItem","position":1,"name":"Home","item":"https:\/\/www.aobomaterial.com\/"},{"@type":"ListItem","position":2,"name":"PTFE Rod"}]},{"@type":"WebSite","@id":"https:\/\/www.aobomaterial.com\/#website","url":"https:\/\/www.aobomaterial.com\/","name":"AOBO","description":"","publisher":{"@id":"https:\/\/www.aobomaterial.com\/#organization"},"potentialAction":[{"@type":"SearchAction","target":{"@type":"EntryPoint","urlTemplate":"https:\/\/www.aobomaterial.com\/?s={search_term_string}"},"query-input":{"@type":"PropertyValueSpecification","valueRequired":true,"valueName":"search_term_string"}}],"inLanguage":"de"},{"@type":"Organization","@id":"https:\/\/www.aobomaterial.com\/#organization","name":"AOBO","url":"https:\/\/www.aobomaterial.com\/","logo":{"@type":"ImageObject","inLanguage":"de","@id":"https:\/\/www.aobomaterial.com\/#\/schema\/logo\/image\/","url":"https:\/\/www.aobomaterial.com\/wp-content\/uploads\/2025\/03\/cropped-logo.png","contentUrl":"https:\/\/www.aobomaterial.com\/wp-content\/uploads\/2025\/03\/cropped-logo.png","width":947,"height":333,"caption":"AOBO"},"image":{"@id":"https:\/\/www.aobomaterial.com\/#\/schema\/logo\/image\/"}}]}},"_links":{"self":[{"href":"https:\/\/www.aobomaterial.com\/de\/wp-json\/wp\/v2\/pages\/18248","targetHints":{"allow":["GET"]}}],"collection":[{"href":"https:\/\/www.aobomaterial.com\/de\/wp-json\/wp\/v2\/pages"}],"about":[{"href":"https:\/\/www.aobomaterial.com\/de\/wp-json\/wp\/v2\/types\/page"}],"author":[{"embeddable":true,"href":"https:\/\/www.aobomaterial.com\/de\/wp-json\/wp\/v2\/users\/1"}],"replies":[{"embeddable":true,"href":"https:\/\/www.aobomaterial.com\/de\/wp-json\/wp\/v2\/comments?post=18248"}],"version-history":[{"count":4,"href":"https:\/\/www.aobomaterial.com\/de\/wp-json\/wp\/v2\/pages\/18248\/revisions"}],"predecessor-version":[{"id":19239,"href":"https:\/\/www.aobomaterial.com\/de\/wp-json\/wp\/v2\/pages\/18248\/revisions\/19239"}],"wp:attachment":[{"href":"https:\/\/www.aobomaterial.com\/de\/wp-json\/wp\/v2\/media?parent=18248"}],"curies":[{"name":"wp","href":"https:\/\/api.w.org\/{rel}","templated":true}]}}