{"id":17983,"date":"2025-02-12T06:10:30","date_gmt":"2025-02-12T06:10:30","guid":{"rendered":"http:\/\/aobomaterial.com\/?page_id=17983"},"modified":"2025-05-22T10:16:31","modified_gmt":"2025-05-22T10:16:31","slug":"mineria-de-caucho","status":"publish","type":"page","link":"https:\/\/www.aobomaterial.com\/es\/mineria-de-caucho\/","title":{"rendered":"Miner\u00eda de caucho"},"content":{"rendered":"","protected":false},"excerpt":{"rendered":"","protected":false},"author":1,"featured_media":0,"parent":0,"menu_order":0,"comment_status":"closed","ping_status":"closed","template":"product-category3.php","meta":{"_acf_changed":false,"site-sidebar-layout":"no-sidebar","site-content-layout":"page-builder","ast-site-content-layout":"full-width-container","site-content-style":"unboxed","site-sidebar-style":"unboxed","ast-global-header-display":"","ast-banner-title-visibility":"","ast-main-header-display":"","ast-hfb-above-header-display":"","ast-hfb-below-header-display":"","ast-hfb-mobile-header-display":"","site-post-title":"disabled","ast-breadcrumbs-content":"disabled","ast-featured-img":"disabled","footer-sml-layout":"","ast-disable-related-posts":"","theme-transparent-header-meta":"default","adv-header-id-meta":"","stick-header-meta":"default","header-above-stick-meta":"","header-main-stick-meta":"","header-below-stick-meta":"","astra-migrate-meta-layouts":"set","ast-page-background-enabled":"default","ast-page-background-meta":{"desktop":{"background-color":"","background-image":"","background-repeat":"repeat","background-position":"center center","background-size":"auto","background-attachment":"scroll","background-type":"","background-media":"","overlay-type":"","overlay-color":"","overlay-opacity":"","overlay-gradient":""},"tablet":{"background-color":"","background-image":"","background-repeat":"repeat","background-position":"center center","background-size":"auto","background-attachment":"scroll","background-type":"","background-media":"","overlay-type":"","overlay-color":"","overlay-opacity":"","overlay-gradient":""},"mobile":{"background-color":"","background-image":"","background-repeat":"repeat","background-position":"center center","background-size":"auto","background-attachment":"scroll","background-type":"","background-media":"","overlay-type":"","overlay-color":"","overlay-opacity":"","overlay-gradient":""}},"ast-content-background-meta":{"desktop":{"background-color":"var(--ast-global-color-5)","background-image":"","background-repeat":"repeat","background-position":"center center","background-size":"auto","background-attachment":"scroll","background-type":"","background-media":"","overlay-type":"","overlay-color":"","overlay-opacity":"","overlay-gradient":""},"tablet":{"background-color":"var(--ast-global-color-5)","background-image":"","background-repeat":"repeat","background-position":"center center","background-size":"auto","background-attachment":"scroll","background-type":"","background-media":"","overlay-type":"","overlay-color":"","overlay-opacity":"","overlay-gradient":""},"mobile":{"background-color":"var(--ast-global-color-5)","background-image":"","background-repeat":"repeat","background-position":"center center","background-size":"auto","background-attachment":"scroll","background-type":"","background-media":"","overlay-type":"","overlay-color":"","overlay-opacity":"","overlay-gradient":""}},"footnotes":""},"class_list":["post-17983","page","type-page","status-publish","hentry"],"acf":[],"yoast_head":"<!-- This site is optimized with the Yoast SEO plugin v27.4 - https:\/\/yoast.com\/product\/yoast-seo-wordpress\/ -->\n<title>Mining Rubber - Providing Durable &amp; Reliable Rubber Solutions<\/title>\n<meta name=\"description\" content=\"Wholesale High-performance Mining Rubber products \u2013 built to withstand harsh conditions and long-lasting. Elevate your project now.\" \/>\n<meta name=\"robots\" content=\"index, follow, max-snippet:-1, max-image-preview:large, max-video-preview:-1\" \/>\n<link rel=\"canonical\" href=\"https:\/\/www.aobomaterial.com\/es\/mineria-de-caucho\/\" \/>\n<meta property=\"og:locale\" content=\"es_ES\" \/>\n<meta property=\"og:type\" content=\"article\" \/>\n<meta property=\"og:title\" content=\"Mining Rubber - Providing Durable &amp; Reliable Rubber Solutions\" \/>\n<meta property=\"og:description\" content=\"Wholesale High-performance Mining Rubber products \u2013 built to withstand harsh conditions and long-lasting. Elevate your project now.\" \/>\n<meta property=\"og:url\" content=\"https:\/\/www.aobomaterial.com\/es\/mineria-de-caucho\/\" \/>\n<meta property=\"og:site_name\" content=\"AOBO\" \/>\n<meta property=\"article:modified_time\" content=\"2025-05-22T10:16:31+00:00\" \/>\n<meta name=\"twitter:card\" content=\"summary_large_image\" \/>\n<script type=\"application\/ld+json\" class=\"yoast-schema-graph\">{\"@context\":\"https:\\\/\\\/schema.org\",\"@graph\":[{\"@type\":\"WebPage\",\"@id\":\"https:\\\/\\\/www.aobomaterial.com\\\/mining-rubber\\\/\",\"url\":\"https:\\\/\\\/www.aobomaterial.com\\\/mining-rubber\\\/\",\"name\":\"Mining Rubber - Providing Durable & Reliable Rubber Solutions\",\"isPartOf\":{\"@id\":\"https:\\\/\\\/www.aobomaterial.com\\\/#website\"},\"datePublished\":\"2025-02-12T06:10:30+00:00\",\"dateModified\":\"2025-05-22T10:16:31+00:00\",\"description\":\"Wholesale High-performance Mining Rubber products \u2013 built to withstand harsh conditions and long-lasting. Elevate your project now.\",\"breadcrumb\":{\"@id\":\"https:\\\/\\\/www.aobomaterial.com\\\/mining-rubber\\\/#breadcrumb\"},\"inLanguage\":\"es\",\"potentialAction\":[{\"@type\":\"ReadAction\",\"target\":[\"https:\\\/\\\/www.aobomaterial.com\\\/mining-rubber\\\/\"]}]},{\"@type\":\"BreadcrumbList\",\"@id\":\"https:\\\/\\\/www.aobomaterial.com\\\/mining-rubber\\\/#breadcrumb\",\"itemListElement\":[{\"@type\":\"ListItem\",\"position\":1,\"name\":\"Home\",\"item\":\"https:\\\/\\\/www.aobomaterial.com\\\/\"},{\"@type\":\"ListItem\",\"position\":2,\"name\":\"Mining Rubber\"}]},{\"@type\":\"WebSite\",\"@id\":\"https:\\\/\\\/www.aobomaterial.com\\\/#website\",\"url\":\"https:\\\/\\\/www.aobomaterial.com\\\/\",\"name\":\"AOBO\",\"description\":\"\",\"publisher\":{\"@id\":\"https:\\\/\\\/www.aobomaterial.com\\\/#organization\"},\"potentialAction\":[{\"@type\":\"SearchAction\",\"target\":{\"@type\":\"EntryPoint\",\"urlTemplate\":\"https:\\\/\\\/www.aobomaterial.com\\\/?s={search_term_string}\"},\"query-input\":{\"@type\":\"PropertyValueSpecification\",\"valueRequired\":true,\"valueName\":\"search_term_string\"}}],\"inLanguage\":\"es\"},{\"@type\":\"Organization\",\"@id\":\"https:\\\/\\\/www.aobomaterial.com\\\/#organization\",\"name\":\"AOBO\",\"url\":\"https:\\\/\\\/www.aobomaterial.com\\\/\",\"logo\":{\"@type\":\"ImageObject\",\"inLanguage\":\"es\",\"@id\":\"https:\\\/\\\/www.aobomaterial.com\\\/#\\\/schema\\\/logo\\\/image\\\/\",\"url\":\"https:\\\/\\\/www.aobomaterial.com\\\/wp-content\\\/uploads\\\/2025\\\/03\\\/cropped-logo.png\",\"contentUrl\":\"https:\\\/\\\/www.aobomaterial.com\\\/wp-content\\\/uploads\\\/2025\\\/03\\\/cropped-logo.png\",\"width\":947,\"height\":333,\"caption\":\"AOBO\"},\"image\":{\"@id\":\"https:\\\/\\\/www.aobomaterial.com\\\/#\\\/schema\\\/logo\\\/image\\\/\"}}]}<\/script>\n<!-- \/ Yoast SEO plugin. -->","yoast_head_json":{"title":"Miner\u00eda de caucho: soluciones de caucho duraderas y confiables","description":"Productos de caucho de alto rendimiento para miner\u00eda al por mayor: dise\u00f1ados para soportar condiciones extremas y una larga duraci\u00f3n. Impulse su proyecto ahora.","robots":{"index":"index","follow":"follow","max-snippet":"max-snippet:-1","max-image-preview":"max-image-preview:large","max-video-preview":"max-video-preview:-1"},"canonical":"https:\/\/www.aobomaterial.com\/es\/mineria-de-caucho\/","og_locale":"es_ES","og_type":"article","og_title":"Mining Rubber - Providing Durable & Reliable Rubber Solutions","og_description":"Wholesale High-performance Mining Rubber products \u2013 built to withstand harsh conditions and long-lasting. Elevate your project now.","og_url":"https:\/\/www.aobomaterial.com\/es\/mineria-de-caucho\/","og_site_name":"AOBO","article_modified_time":"2025-05-22T10:16:31+00:00","twitter_card":"summary_large_image","schema":{"@context":"https:\/\/schema.org","@graph":[{"@type":"WebPage","@id":"https:\/\/www.aobomaterial.com\/mining-rubber\/","url":"https:\/\/www.aobomaterial.com\/mining-rubber\/","name":"Miner\u00eda de caucho: soluciones de caucho duraderas y confiables","isPartOf":{"@id":"https:\/\/www.aobomaterial.com\/#website"},"datePublished":"2025-02-12T06:10:30+00:00","dateModified":"2025-05-22T10:16:31+00:00","description":"Productos de caucho de alto rendimiento para miner\u00eda al por mayor: dise\u00f1ados para soportar condiciones extremas y una larga duraci\u00f3n. Impulse su proyecto ahora.","breadcrumb":{"@id":"https:\/\/www.aobomaterial.com\/mining-rubber\/#breadcrumb"},"inLanguage":"es","potentialAction":[{"@type":"ReadAction","target":["https:\/\/www.aobomaterial.com\/mining-rubber\/"]}]},{"@type":"BreadcrumbList","@id":"https:\/\/www.aobomaterial.com\/mining-rubber\/#breadcrumb","itemListElement":[{"@type":"ListItem","position":1,"name":"Home","item":"https:\/\/www.aobomaterial.com\/"},{"@type":"ListItem","position":2,"name":"Mining Rubber"}]},{"@type":"WebSite","@id":"https:\/\/www.aobomaterial.com\/#website","url":"https:\/\/www.aobomaterial.com\/","name":"AOBO","description":"","publisher":{"@id":"https:\/\/www.aobomaterial.com\/#organization"},"potentialAction":[{"@type":"SearchAction","target":{"@type":"EntryPoint","urlTemplate":"https:\/\/www.aobomaterial.com\/?s={search_term_string}"},"query-input":{"@type":"PropertyValueSpecification","valueRequired":true,"valueName":"search_term_string"}}],"inLanguage":"es"},{"@type":"Organization","@id":"https:\/\/www.aobomaterial.com\/#organization","name":"AOBO","url":"https:\/\/www.aobomaterial.com\/","logo":{"@type":"ImageObject","inLanguage":"es","@id":"https:\/\/www.aobomaterial.com\/#\/schema\/logo\/image\/","url":"https:\/\/www.aobomaterial.com\/wp-content\/uploads\/2025\/03\/cropped-logo.png","contentUrl":"https:\/\/www.aobomaterial.com\/wp-content\/uploads\/2025\/03\/cropped-logo.png","width":947,"height":333,"caption":"AOBO"},"image":{"@id":"https:\/\/www.aobomaterial.com\/#\/schema\/logo\/image\/"}}]}},"_links":{"self":[{"href":"https:\/\/www.aobomaterial.com\/es\/wp-json\/wp\/v2\/pages\/17983","targetHints":{"allow":["GET"]}}],"collection":[{"href":"https:\/\/www.aobomaterial.com\/es\/wp-json\/wp\/v2\/pages"}],"about":[{"href":"https:\/\/www.aobomaterial.com\/es\/wp-json\/wp\/v2\/types\/page"}],"author":[{"embeddable":true,"href":"https:\/\/www.aobomaterial.com\/es\/wp-json\/wp\/v2\/users\/1"}],"replies":[{"embeddable":true,"href":"https:\/\/www.aobomaterial.com\/es\/wp-json\/wp\/v2\/comments?post=17983"}],"version-history":[{"count":24,"href":"https:\/\/www.aobomaterial.com\/es\/wp-json\/wp\/v2\/pages\/17983\/revisions"}],"predecessor-version":[{"id":19316,"href":"https:\/\/www.aobomaterial.com\/es\/wp-json\/wp\/v2\/pages\/17983\/revisions\/19316"}],"wp:attachment":[{"href":"https:\/\/www.aobomaterial.com\/es\/wp-json\/wp\/v2\/media?parent=17983"}],"curies":[{"name":"wp","href":"https:\/\/api.w.org\/{rel}","templated":true}]}}