{"id":17987,"date":"2025-02-12T06:22:38","date_gmt":"2025-02-12T06:22:38","guid":{"rendered":"http:\/\/aobomaterial.com\/?page_id=17987"},"modified":"2025-05-14T08:12:21","modified_gmt":"2025-05-14T08:12:21","slug":"cortina-de-pvc","status":"publish","type":"page","link":"https:\/\/www.aobomaterial.com\/es\/cortina-de-pvc\/","title":{"rendered":"Cortina de PVC"},"content":{"rendered":"","protected":false},"excerpt":{"rendered":"","protected":false},"author":1,"featured_media":0,"parent":0,"menu_order":0,"comment_status":"closed","ping_status":"closed","template":"product-category3.php","meta":{"_acf_changed":false,"site-sidebar-layout":"no-sidebar","site-content-layout":"page-builder","ast-site-content-layout":"full-width-container","site-content-style":"unboxed","site-sidebar-style":"unboxed","ast-global-header-display":"","ast-banner-title-visibility":"","ast-main-header-display":"","ast-hfb-above-header-display":"","ast-hfb-below-header-display":"","ast-hfb-mobile-header-display":"","site-post-title":"disabled","ast-breadcrumbs-content":"disabled","ast-featured-img":"disabled","footer-sml-layout":"","ast-disable-related-posts":"","theme-transparent-header-meta":"default","adv-header-id-meta":"","stick-header-meta":"default","header-above-stick-meta":"","header-main-stick-meta":"","header-below-stick-meta":"","astra-migrate-meta-layouts":"set","ast-page-background-enabled":"default","ast-page-background-meta":{"desktop":{"background-color":"","background-image":"","background-repeat":"repeat","background-position":"center center","background-size":"auto","background-attachment":"scroll","background-type":"","background-media":"","overlay-type":"","overlay-color":"","overlay-opacity":"","overlay-gradient":""},"tablet":{"background-color":"","background-image":"","background-repeat":"repeat","background-position":"center center","background-size":"auto","background-attachment":"scroll","background-type":"","background-media":"","overlay-type":"","overlay-color":"","overlay-opacity":"","overlay-gradient":""},"mobile":{"background-color":"","background-image":"","background-repeat":"repeat","background-position":"center center","background-size":"auto","background-attachment":"scroll","background-type":"","background-media":"","overlay-type":"","overlay-color":"","overlay-opacity":"","overlay-gradient":""}},"ast-content-background-meta":{"desktop":{"background-color":"var(--ast-global-color-5)","background-image":"","background-repeat":"repeat","background-position":"center center","background-size":"auto","background-attachment":"scroll","background-type":"","background-media":"","overlay-type":"","overlay-color":"","overlay-opacity":"","overlay-gradient":""},"tablet":{"background-color":"var(--ast-global-color-5)","background-image":"","background-repeat":"repeat","background-position":"center center","background-size":"auto","background-attachment":"scroll","background-type":"","background-media":"","overlay-type":"","overlay-color":"","overlay-opacity":"","overlay-gradient":""},"mobile":{"background-color":"var(--ast-global-color-5)","background-image":"","background-repeat":"repeat","background-position":"center center","background-size":"auto","background-attachment":"scroll","background-type":"","background-media":"","overlay-type":"","overlay-color":"","overlay-opacity":"","overlay-gradient":""}},"footnotes":""},"class_list":["post-17987","page","type-page","status-publish","hentry"],"acf":[],"yoast_head":"<!-- This site is optimized with the Yoast SEO plugin v27.4 - https:\/\/yoast.com\/product\/yoast-seo-wordpress\/ -->\n<title>AOBO Top-quality PVC Curtain- Different sizes and types available<\/title>\n<meta name=\"description\" content=\"Wholesale Premium PVC Curtain \u2013 Insulate, temperature control, dust &amp; noise reduction. Ideal for warehouses, factories, and commercial spaces\" \/>\n<meta name=\"robots\" content=\"index, follow, max-snippet:-1, max-image-preview:large, max-video-preview:-1\" \/>\n<link rel=\"canonical\" href=\"https:\/\/www.aobomaterial.com\/es\/cortina-de-pvc\/\" \/>\n<meta property=\"og:locale\" content=\"es_ES\" \/>\n<meta property=\"og:type\" content=\"article\" \/>\n<meta property=\"og:title\" content=\"AOBO Top-quality PVC Curtain- Different sizes and types available\" \/>\n<meta property=\"og:description\" content=\"Wholesale Premium PVC Curtain \u2013 Insulate, temperature control, dust &amp; noise reduction. Ideal for warehouses, factories, and commercial spaces\" \/>\n<meta property=\"og:url\" content=\"https:\/\/www.aobomaterial.com\/es\/cortina-de-pvc\/\" \/>\n<meta property=\"og:site_name\" content=\"AOBO\" \/>\n<meta property=\"article:modified_time\" content=\"2025-05-14T08:12:21+00:00\" \/>\n<meta name=\"twitter:card\" content=\"summary_large_image\" \/>\n<script type=\"application\/ld+json\" class=\"yoast-schema-graph\">{\"@context\":\"https:\\\/\\\/schema.org\",\"@graph\":[{\"@type\":\"WebPage\",\"@id\":\"https:\\\/\\\/www.aobomaterial.com\\\/pvc-curtain\\\/\",\"url\":\"https:\\\/\\\/www.aobomaterial.com\\\/pvc-curtain\\\/\",\"name\":\"AOBO Top-quality PVC Curtain- Different sizes and types available\",\"isPartOf\":{\"@id\":\"https:\\\/\\\/www.aobomaterial.com\\\/#website\"},\"datePublished\":\"2025-02-12T06:22:38+00:00\",\"dateModified\":\"2025-05-14T08:12:21+00:00\",\"description\":\"Wholesale Premium PVC Curtain \u2013 Insulate, temperature control, dust & noise reduction. Ideal for warehouses, factories, and commercial spaces\",\"breadcrumb\":{\"@id\":\"https:\\\/\\\/www.aobomaterial.com\\\/pvc-curtain\\\/#breadcrumb\"},\"inLanguage\":\"es\",\"potentialAction\":[{\"@type\":\"ReadAction\",\"target\":[\"https:\\\/\\\/www.aobomaterial.com\\\/pvc-curtain\\\/\"]}]},{\"@type\":\"BreadcrumbList\",\"@id\":\"https:\\\/\\\/www.aobomaterial.com\\\/pvc-curtain\\\/#breadcrumb\",\"itemListElement\":[{\"@type\":\"ListItem\",\"position\":1,\"name\":\"Home\",\"item\":\"https:\\\/\\\/www.aobomaterial.com\\\/\"},{\"@type\":\"ListItem\",\"position\":2,\"name\":\"PVC Curtain\"}]},{\"@type\":\"WebSite\",\"@id\":\"https:\\\/\\\/www.aobomaterial.com\\\/#website\",\"url\":\"https:\\\/\\\/www.aobomaterial.com\\\/\",\"name\":\"AOBO\",\"description\":\"\",\"publisher\":{\"@id\":\"https:\\\/\\\/www.aobomaterial.com\\\/#organization\"},\"potentialAction\":[{\"@type\":\"SearchAction\",\"target\":{\"@type\":\"EntryPoint\",\"urlTemplate\":\"https:\\\/\\\/www.aobomaterial.com\\\/?s={search_term_string}\"},\"query-input\":{\"@type\":\"PropertyValueSpecification\",\"valueRequired\":true,\"valueName\":\"search_term_string\"}}],\"inLanguage\":\"es\"},{\"@type\":\"Organization\",\"@id\":\"https:\\\/\\\/www.aobomaterial.com\\\/#organization\",\"name\":\"AOBO\",\"url\":\"https:\\\/\\\/www.aobomaterial.com\\\/\",\"logo\":{\"@type\":\"ImageObject\",\"inLanguage\":\"es\",\"@id\":\"https:\\\/\\\/www.aobomaterial.com\\\/#\\\/schema\\\/logo\\\/image\\\/\",\"url\":\"https:\\\/\\\/www.aobomaterial.com\\\/wp-content\\\/uploads\\\/2025\\\/03\\\/cropped-logo.png\",\"contentUrl\":\"https:\\\/\\\/www.aobomaterial.com\\\/wp-content\\\/uploads\\\/2025\\\/03\\\/cropped-logo.png\",\"width\":947,\"height\":333,\"caption\":\"AOBO\"},\"image\":{\"@id\":\"https:\\\/\\\/www.aobomaterial.com\\\/#\\\/schema\\\/logo\\\/image\\\/\"}}]}<\/script>\n<!-- \/ Yoast SEO plugin. -->","yoast_head_json":{"title":"Cortina de PVC de primera calidad AOBO: diferentes tama\u00f1os y tipos disponibles","description":"Cortina de PVC premium al por mayor: Aislamiento, control de temperatura, reducci\u00f3n de polvo y ruido. Ideal para almacenes, f\u00e1bricas y espacios comerciales.","robots":{"index":"index","follow":"follow","max-snippet":"max-snippet:-1","max-image-preview":"max-image-preview:large","max-video-preview":"max-video-preview:-1"},"canonical":"https:\/\/www.aobomaterial.com\/es\/cortina-de-pvc\/","og_locale":"es_ES","og_type":"article","og_title":"AOBO Top-quality PVC Curtain- Different sizes and types available","og_description":"Wholesale Premium PVC Curtain \u2013 Insulate, temperature control, dust & noise reduction. Ideal for warehouses, factories, and commercial spaces","og_url":"https:\/\/www.aobomaterial.com\/es\/cortina-de-pvc\/","og_site_name":"AOBO","article_modified_time":"2025-05-14T08:12:21+00:00","twitter_card":"summary_large_image","schema":{"@context":"https:\/\/schema.org","@graph":[{"@type":"WebPage","@id":"https:\/\/www.aobomaterial.com\/pvc-curtain\/","url":"https:\/\/www.aobomaterial.com\/pvc-curtain\/","name":"Cortina de PVC de primera calidad AOBO: diferentes tama\u00f1os y tipos disponibles","isPartOf":{"@id":"https:\/\/www.aobomaterial.com\/#website"},"datePublished":"2025-02-12T06:22:38+00:00","dateModified":"2025-05-14T08:12:21+00:00","description":"Cortina de PVC premium al por mayor: Aislamiento, control de temperatura, reducci\u00f3n de polvo y ruido. Ideal para almacenes, f\u00e1bricas y espacios comerciales.","breadcrumb":{"@id":"https:\/\/www.aobomaterial.com\/pvc-curtain\/#breadcrumb"},"inLanguage":"es","potentialAction":[{"@type":"ReadAction","target":["https:\/\/www.aobomaterial.com\/pvc-curtain\/"]}]},{"@type":"BreadcrumbList","@id":"https:\/\/www.aobomaterial.com\/pvc-curtain\/#breadcrumb","itemListElement":[{"@type":"ListItem","position":1,"name":"Home","item":"https:\/\/www.aobomaterial.com\/"},{"@type":"ListItem","position":2,"name":"PVC Curtain"}]},{"@type":"WebSite","@id":"https:\/\/www.aobomaterial.com\/#website","url":"https:\/\/www.aobomaterial.com\/","name":"AOBO","description":"","publisher":{"@id":"https:\/\/www.aobomaterial.com\/#organization"},"potentialAction":[{"@type":"SearchAction","target":{"@type":"EntryPoint","urlTemplate":"https:\/\/www.aobomaterial.com\/?s={search_term_string}"},"query-input":{"@type":"PropertyValueSpecification","valueRequired":true,"valueName":"search_term_string"}}],"inLanguage":"es"},{"@type":"Organization","@id":"https:\/\/www.aobomaterial.com\/#organization","name":"AOBO","url":"https:\/\/www.aobomaterial.com\/","logo":{"@type":"ImageObject","inLanguage":"es","@id":"https:\/\/www.aobomaterial.com\/#\/schema\/logo\/image\/","url":"https:\/\/www.aobomaterial.com\/wp-content\/uploads\/2025\/03\/cropped-logo.png","contentUrl":"https:\/\/www.aobomaterial.com\/wp-content\/uploads\/2025\/03\/cropped-logo.png","width":947,"height":333,"caption":"AOBO"},"image":{"@id":"https:\/\/www.aobomaterial.com\/#\/schema\/logo\/image\/"}}]}},"_links":{"self":[{"href":"https:\/\/www.aobomaterial.com\/es\/wp-json\/wp\/v2\/pages\/17987","targetHints":{"allow":["GET"]}}],"collection":[{"href":"https:\/\/www.aobomaterial.com\/es\/wp-json\/wp\/v2\/pages"}],"about":[{"href":"https:\/\/www.aobomaterial.com\/es\/wp-json\/wp\/v2\/types\/page"}],"author":[{"embeddable":true,"href":"https:\/\/www.aobomaterial.com\/es\/wp-json\/wp\/v2\/users\/1"}],"replies":[{"embeddable":true,"href":"https:\/\/www.aobomaterial.com\/es\/wp-json\/wp\/v2\/comments?post=17987"}],"version-history":[{"count":14,"href":"https:\/\/www.aobomaterial.com\/es\/wp-json\/wp\/v2\/pages\/17987\/revisions"}],"predecessor-version":[{"id":19234,"href":"https:\/\/www.aobomaterial.com\/es\/wp-json\/wp\/v2\/pages\/17987\/revisions\/19234"}],"wp:attachment":[{"href":"https:\/\/www.aobomaterial.com\/es\/wp-json\/wp\/v2\/media?parent=17987"}],"curies":[{"name":"wp","href":"https:\/\/api.w.org\/{rel}","templated":true}]}}