{"id":18535,"date":"2025-03-11T08:11:35","date_gmt":"2025-03-11T08:11:35","guid":{"rendered":"http:\/\/aobomaterial.com\/?page_id=18535"},"modified":"2025-10-31T10:08:54","modified_gmt":"2025-10-31T10:08:54","slug":"revestimiento-de-caucho","status":"publish","type":"page","link":"https:\/\/www.aobomaterial.com\/es\/revestimiento-de-caucho\/","title":{"rendered":"revestimiento de caucho"},"content":{"rendered":"","protected":false},"excerpt":{"rendered":"","protected":false},"author":1,"featured_media":0,"parent":0,"menu_order":0,"comment_status":"closed","ping_status":"closed","template":"product-category3.php","meta":{"_acf_changed":false,"site-sidebar-layout":"default","site-content-layout":"","ast-site-content-layout":"full-width-container","site-content-style":"default","site-sidebar-style":"default","ast-global-header-display":"","ast-banner-title-visibility":"","ast-main-header-display":"","ast-hfb-above-header-display":"","ast-hfb-below-header-display":"","ast-hfb-mobile-header-display":"","site-post-title":"","ast-breadcrumbs-content":"disabled","ast-featured-img":"","footer-sml-layout":"","ast-disable-related-posts":"","theme-transparent-header-meta":"default","adv-header-id-meta":"","stick-header-meta":"default","header-above-stick-meta":"","header-main-stick-meta":"","header-below-stick-meta":"","astra-migrate-meta-layouts":"set","ast-page-background-enabled":"default","ast-page-background-meta":{"desktop":{"background-color":"","background-image":"","background-repeat":"repeat","background-position":"center center","background-size":"auto","background-attachment":"scroll","background-type":"","background-media":"","overlay-type":"","overlay-color":"","overlay-opacity":"","overlay-gradient":""},"tablet":{"background-color":"","background-image":"","background-repeat":"repeat","background-position":"center center","background-size":"auto","background-attachment":"scroll","background-type":"","background-media":"","overlay-type":"","overlay-color":"","overlay-opacity":"","overlay-gradient":""},"mobile":{"background-color":"","background-image":"","background-repeat":"repeat","background-position":"center center","background-size":"auto","background-attachment":"scroll","background-type":"","background-media":"","overlay-type":"","overlay-color":"","overlay-opacity":"","overlay-gradient":""}},"ast-content-background-meta":{"desktop":{"background-color":"var(--ast-global-color-5)","background-image":"","background-repeat":"repeat","background-position":"center center","background-size":"auto","background-attachment":"scroll","background-type":"","background-media":"","overlay-type":"","overlay-color":"","overlay-opacity":"","overlay-gradient":""},"tablet":{"background-color":"var(--ast-global-color-5)","background-image":"","background-repeat":"repeat","background-position":"center center","background-size":"auto","background-attachment":"scroll","background-type":"","background-media":"","overlay-type":"","overlay-color":"","overlay-opacity":"","overlay-gradient":""},"mobile":{"background-color":"var(--ast-global-color-5)","background-image":"","background-repeat":"repeat","background-position":"center center","background-size":"auto","background-attachment":"scroll","background-type":"","background-media":"","overlay-type":"","overlay-color":"","overlay-opacity":"","overlay-gradient":""}},"footnotes":""},"class_list":["post-18535","page","type-page","status-publish","hentry"],"acf":[],"yoast_head":"<!-- This site is optimized with the Yoast SEO plugin v27.4 - https:\/\/yoast.com\/product\/yoast-seo-wordpress\/ -->\n<title>Rubber Lining -Highly Corrosion-Resistant &amp; Wear-Resistant<\/title>\n<meta name=\"description\" content=\"Enhance your equipment&#039;s lifespan with Rubber Lining \u2013 Abrasion resistance, corrosion protection. To protect tanks, pipelines, and machinery.\" \/>\n<meta name=\"robots\" content=\"index, follow, max-snippet:-1, max-image-preview:large, max-video-preview:-1\" \/>\n<link rel=\"canonical\" href=\"https:\/\/www.aobomaterial.com\/es\/revestimiento-de-caucho\/\" \/>\n<meta property=\"og:locale\" content=\"es_ES\" \/>\n<meta property=\"og:type\" content=\"article\" \/>\n<meta property=\"og:title\" content=\"Rubber Lining -Highly Corrosion-Resistant &amp; Wear-Resistant\" \/>\n<meta property=\"og:description\" content=\"Enhance your equipment&#039;s lifespan with Rubber Lining \u2013 Abrasion resistance, corrosion protection. To protect tanks, pipelines, and machinery.\" \/>\n<meta property=\"og:url\" content=\"https:\/\/www.aobomaterial.com\/es\/revestimiento-de-caucho\/\" \/>\n<meta property=\"og:site_name\" content=\"AOBO\" \/>\n<meta property=\"article:modified_time\" content=\"2025-10-31T10:08:54+00:00\" \/>\n<meta name=\"twitter:card\" content=\"summary_large_image\" \/>\n<script type=\"application\/ld+json\" class=\"yoast-schema-graph\">{\"@context\":\"https:\\\/\\\/schema.org\",\"@graph\":[{\"@type\":\"WebPage\",\"@id\":\"https:\\\/\\\/www.aobomaterial.com\\\/rubber-lining\\\/\",\"url\":\"https:\\\/\\\/www.aobomaterial.com\\\/rubber-lining\\\/\",\"name\":\"Rubber Lining -Highly Corrosion-Resistant & Wear-Resistant\",\"isPartOf\":{\"@id\":\"https:\\\/\\\/www.aobomaterial.com\\\/#website\"},\"datePublished\":\"2025-03-11T08:11:35+00:00\",\"dateModified\":\"2025-10-31T10:08:54+00:00\",\"description\":\"Enhance your equipment's lifespan with Rubber Lining \u2013 Abrasion resistance, corrosion protection. To protect tanks, pipelines, and machinery.\",\"breadcrumb\":{\"@id\":\"https:\\\/\\\/www.aobomaterial.com\\\/rubber-lining\\\/#breadcrumb\"},\"inLanguage\":\"es\",\"potentialAction\":[{\"@type\":\"ReadAction\",\"target\":[\"https:\\\/\\\/www.aobomaterial.com\\\/rubber-lining\\\/\"]}]},{\"@type\":\"BreadcrumbList\",\"@id\":\"https:\\\/\\\/www.aobomaterial.com\\\/rubber-lining\\\/#breadcrumb\",\"itemListElement\":[{\"@type\":\"ListItem\",\"position\":1,\"name\":\"Home\",\"item\":\"https:\\\/\\\/www.aobomaterial.com\\\/\"},{\"@type\":\"ListItem\",\"position\":2,\"name\":\"Rubber Lining\"}]},{\"@type\":\"WebSite\",\"@id\":\"https:\\\/\\\/www.aobomaterial.com\\\/#website\",\"url\":\"https:\\\/\\\/www.aobomaterial.com\\\/\",\"name\":\"AOBO\",\"description\":\"\",\"publisher\":{\"@id\":\"https:\\\/\\\/www.aobomaterial.com\\\/#organization\"},\"potentialAction\":[{\"@type\":\"SearchAction\",\"target\":{\"@type\":\"EntryPoint\",\"urlTemplate\":\"https:\\\/\\\/www.aobomaterial.com\\\/?s={search_term_string}\"},\"query-input\":{\"@type\":\"PropertyValueSpecification\",\"valueRequired\":true,\"valueName\":\"search_term_string\"}}],\"inLanguage\":\"es\"},{\"@type\":\"Organization\",\"@id\":\"https:\\\/\\\/www.aobomaterial.com\\\/#organization\",\"name\":\"AOBO\",\"url\":\"https:\\\/\\\/www.aobomaterial.com\\\/\",\"logo\":{\"@type\":\"ImageObject\",\"inLanguage\":\"es\",\"@id\":\"https:\\\/\\\/www.aobomaterial.com\\\/#\\\/schema\\\/logo\\\/image\\\/\",\"url\":\"https:\\\/\\\/www.aobomaterial.com\\\/wp-content\\\/uploads\\\/2025\\\/03\\\/cropped-logo.png\",\"contentUrl\":\"https:\\\/\\\/www.aobomaterial.com\\\/wp-content\\\/uploads\\\/2025\\\/03\\\/cropped-logo.png\",\"width\":947,\"height\":333,\"caption\":\"AOBO\"},\"image\":{\"@id\":\"https:\\\/\\\/www.aobomaterial.com\\\/#\\\/schema\\\/logo\\\/image\\\/\"}}]}<\/script>\n<!-- \/ Yoast SEO plugin. -->","yoast_head_json":{"title":"Revestimiento de caucho: altamente resistente a la corrosi\u00f3n y al desgaste.","description":"Prolongue la vida \u00fatil de sus equipos con revestimiento de caucho: resistencia a la abrasi\u00f3n y protecci\u00f3n contra la corrosi\u00f3n. Para proteger tanques, tuber\u00edas y maquinaria.","robots":{"index":"index","follow":"follow","max-snippet":"max-snippet:-1","max-image-preview":"max-image-preview:large","max-video-preview":"max-video-preview:-1"},"canonical":"https:\/\/www.aobomaterial.com\/es\/revestimiento-de-caucho\/","og_locale":"es_ES","og_type":"article","og_title":"Rubber Lining -Highly Corrosion-Resistant & Wear-Resistant","og_description":"Enhance your equipment's lifespan with Rubber Lining \u2013 Abrasion resistance, corrosion protection. To protect tanks, pipelines, and machinery.","og_url":"https:\/\/www.aobomaterial.com\/es\/revestimiento-de-caucho\/","og_site_name":"AOBO","article_modified_time":"2025-10-31T10:08:54+00:00","twitter_card":"summary_large_image","schema":{"@context":"https:\/\/schema.org","@graph":[{"@type":"WebPage","@id":"https:\/\/www.aobomaterial.com\/rubber-lining\/","url":"https:\/\/www.aobomaterial.com\/rubber-lining\/","name":"Revestimiento de caucho: altamente resistente a la corrosi\u00f3n y al desgaste.","isPartOf":{"@id":"https:\/\/www.aobomaterial.com\/#website"},"datePublished":"2025-03-11T08:11:35+00:00","dateModified":"2025-10-31T10:08:54+00:00","description":"Prolongue la vida \u00fatil de sus equipos con revestimiento de caucho: resistencia a la abrasi\u00f3n y protecci\u00f3n contra la corrosi\u00f3n. Para proteger tanques, tuber\u00edas y maquinaria.","breadcrumb":{"@id":"https:\/\/www.aobomaterial.com\/rubber-lining\/#breadcrumb"},"inLanguage":"es","potentialAction":[{"@type":"ReadAction","target":["https:\/\/www.aobomaterial.com\/rubber-lining\/"]}]},{"@type":"BreadcrumbList","@id":"https:\/\/www.aobomaterial.com\/rubber-lining\/#breadcrumb","itemListElement":[{"@type":"ListItem","position":1,"name":"Home","item":"https:\/\/www.aobomaterial.com\/"},{"@type":"ListItem","position":2,"name":"Rubber Lining"}]},{"@type":"WebSite","@id":"https:\/\/www.aobomaterial.com\/#website","url":"https:\/\/www.aobomaterial.com\/","name":"AOBO","description":"","publisher":{"@id":"https:\/\/www.aobomaterial.com\/#organization"},"potentialAction":[{"@type":"SearchAction","target":{"@type":"EntryPoint","urlTemplate":"https:\/\/www.aobomaterial.com\/?s={search_term_string}"},"query-input":{"@type":"PropertyValueSpecification","valueRequired":true,"valueName":"search_term_string"}}],"inLanguage":"es"},{"@type":"Organization","@id":"https:\/\/www.aobomaterial.com\/#organization","name":"AOBO","url":"https:\/\/www.aobomaterial.com\/","logo":{"@type":"ImageObject","inLanguage":"es","@id":"https:\/\/www.aobomaterial.com\/#\/schema\/logo\/image\/","url":"https:\/\/www.aobomaterial.com\/wp-content\/uploads\/2025\/03\/cropped-logo.png","contentUrl":"https:\/\/www.aobomaterial.com\/wp-content\/uploads\/2025\/03\/cropped-logo.png","width":947,"height":333,"caption":"AOBO"},"image":{"@id":"https:\/\/www.aobomaterial.com\/#\/schema\/logo\/image\/"}}]}},"_links":{"self":[{"href":"https:\/\/www.aobomaterial.com\/es\/wp-json\/wp\/v2\/pages\/18535","targetHints":{"allow":["GET"]}}],"collection":[{"href":"https:\/\/www.aobomaterial.com\/es\/wp-json\/wp\/v2\/pages"}],"about":[{"href":"https:\/\/www.aobomaterial.com\/es\/wp-json\/wp\/v2\/types\/page"}],"author":[{"embeddable":true,"href":"https:\/\/www.aobomaterial.com\/es\/wp-json\/wp\/v2\/users\/1"}],"replies":[{"embeddable":true,"href":"https:\/\/www.aobomaterial.com\/es\/wp-json\/wp\/v2\/comments?post=18535"}],"version-history":[{"count":39,"href":"https:\/\/www.aobomaterial.com\/es\/wp-json\/wp\/v2\/pages\/18535\/revisions"}],"predecessor-version":[{"id":19550,"href":"https:\/\/www.aobomaterial.com\/es\/wp-json\/wp\/v2\/pages\/18535\/revisions\/19550"}],"wp:attachment":[{"href":"https:\/\/www.aobomaterial.com\/es\/wp-json\/wp\/v2\/media?parent=18535"}],"curies":[{"name":"wp","href":"https:\/\/api.w.org\/{rel}","templated":true}]}}